{"id":2296,"date":"2023-02-26T08:01:37","date_gmt":"2023-02-26T07:01:37","guid":{"rendered":"https:\/\/cykeltek.se\/integritetspolicy\/"},"modified":"2023-12-15T12:37:08","modified_gmt":"2023-12-15T11:37:08","slug":"privacy-policy","status":"publish","type":"page","link":"https:\/\/cykeltek.se\/en\/privacy-policy\/","title":{"rendered":"Privacy Policy"},"content":{"rendered":"<div class=\"gb-container gb-container-c18a264e\">\n<div class=\"gb-container gb-container-0746a67a\">\n<div class=\"gb-grid-wrapper gb-grid-wrapper-ef94013d\">\n<div class=\"gb-grid-column gb-grid-column-476f8a4c\"><div class=\"gb-container gb-container-476f8a4c\"><div class=\"gb-inside-container\">\n\n<h1 class=\"gb-headline gb-headline-9ea81c90 gb-headline-text\">Privacy policy<\/h1> \n\n\n\n<p>F\u00f6r att kunna kontakta dig och erbjuda den b\u00e4sta servicen beh\u00f6ver vi spara dina kontaktuppgifter. Vi v\u00e4rnar om v\u00e5ra kunders integritet och sparar d\u00e4rf\u00f6r bara dina personuppgifter s\u00e5 l\u00e4nge som du \u00e4r kund hos oss eller har ett aktuellt \u00e4rende p\u00e5 g\u00e5ng. Den enda som har tillg\u00e5ng till dina uppgifter \u00e4r <a href=\"https:\/\/cykeltek.se\/om-cykeltek\/\">Kevin Mercer<\/a>, som \u00e4r personuppgiftsansvarig p\u00e5 Cykeltek.<\/p>\n\n\n\n<p>Du kan n\u00e4r som helst (skriftligen) beg\u00e4ra att f\u00e5 dina uppgifter utl\u00e4mnade, \u00e4ndrade, raderade eller kompletterade. Enda undantaget \u00e4r de uppgifter som kr\u00e4vs f\u00f6r att vi ska uppfylla laga krav, exempelvis i fr\u00e5ga om betalning och momsredovisning. Dessa uppgifter m\u00e5ste vi enligt bokf\u00f6ringslagen spara i minst sju (7) \u00e5r.<\/p>\n\n\n\n<h4 class=\"wp-block-heading\">Bokningar<\/h4>\n\n\n\n<p>Om du tar kontakt med oss via v\u00e5rt <a href=\"https:\/\/cykeltek.se\/boka-service\/\">bokningsformul\u00e4r<\/a> samlar vi in den informationen du uppger i formul\u00e4ret. Dessa uppgifter anv\u00e4nds till att kontakta dig, svara p\u00e5 fr\u00e5gor och boka in de tj\u00e4nster du eventuellt efterfr\u00e5gat.<\/p>\n\n\n\n<h4 class=\"wp-block-heading\">Ring mig<\/h4>\n\n\n\n<p>N\u00e4r du skriver in ditt namn och telefonnummer och vill att vi kontaktar dig anv\u00e4nds dessa uppgifter endast till att ringa upp dig i det specifika \u00e4rendet. Ditt telefonnummer sparas inte f\u00f6r anv\u00e4ndning vid n\u00e5got annat tillf\u00e4lle \u2013 s\u00e5vida vi inte kommit \u00f6verens om det separat.<\/p>\n\n\n\n<h4 class=\"wp-block-heading\">Nyhetsbrev<\/h4>\n\n\n\n<p>Ditt namn och den epostadress som du l\u00e4mnar i samband med en prenumeration p\u00e5 v\u00e5rt <a href=\"https:\/\/cykeltek.se\/nyhetsbrev\/\">nyhetsbrev<\/a> sparas bara s\u00e5 l\u00e4nge som du \u00e4r prenumerant. N\u00e4r du avanm\u00e4ler dig s\u00e5 tar vi bort dina kontaktuppgifter direkt.<\/p>\n\n\n\n<h4 class=\"wp-block-heading\">Kakor<\/h4>\n\n\n\n<p>Vi anv\u00e4nder kakor (ofta ben\u00e4mnda cookies) f\u00f6r att f\u00f6rb\u00e4ttra din upplevelse av v\u00e5r webbplats och ge dig tillg\u00e5ng till olika funktioner. Kakan \u00e4r en liten textfil som v\u00e5r webbserver tillf\u00e4lligt sparar ner p\u00e5 din dator och den kopplar ihop information p\u00e5 servern med datorn. Den kan ha flera funktioner, som exempelvis att h\u00e5lla reda p\u00e5 vilket spr\u00e5k du valt och att f\u00f6ra statistik \u00f6ver vilka sidor som \u00e4r mest popul\u00e4ra.<\/p>\n\n\n\n<p>Du beh\u00f6ver inte acceptera kakor f\u00f6r att bes\u00f6ka v\u00e5r sida, men din upplevelse kan bli begr\u00e4nsad och vissa funktioner helt stoppade. I de kakor vi anv\u00e4nder sparas ingen personlig information. L\u00e4s mer om kakor hos <a href=\"http:\/\/www.pts.se\" target=\"_blank\" rel=\"noreferrer noopener\">Post &amp; Telestyrelsen<\/a>.<\/p>\n\n\n\n<h4 class=\"wp-block-heading\">Google Analytics<\/h4>\n\n\n\n<p>Vi anv\u00e4nder ett webbanalysverktyg fr\u00e5n Google f\u00f6r att f\u00e5 en \u00f6versikt \u00f6ver hur bes\u00f6karna anv\u00e4nder v\u00e5r webbplats, s\u00e5 att vi kan f\u00f6rb\u00e4ttra exempelvis inneh\u00e5llet och strukturen p\u00e5 sidan. Tj\u00e4nsten anv\u00e4nder kakor f\u00f6r att analysera hur bes\u00f6karna anv\u00e4nder webbsidan, sammanst\u00e4lla rapporter och tillhandah\u00e5lla andra tj\u00e4nster kopplade till anv\u00e4ndarnas aktiviteter och surfvanor. Informationen vidarebefordras automatiskt till Google och lagras p\u00e5 deras servrar. Detta inkluderar exempelvis din IP-adress och vilka sidor du bes\u00f6kt under sessionen.<\/p>\n\n\n\n<p>Google kan, enligt sina allm\u00e4nna villkor, komma att \u00f6verf\u00f6ra denna information till tredje part, d\u00e4r det kr\u00e4vs enligt lag eller i de fall en tredje part behandlar information f\u00f6r Googles r\u00e4kning. D\u00e4remot kommer Google inte att koppla samman din IP-adress med annan data. Genom att anv\u00e4nda denna webbplats och godk\u00e4nna kakor samtycker du till att Google behandlar dina personuppgifter enligt beskrivningen ovan.<\/p>\n\n\n\n<p><\/p>\n\n<\/div><\/div><\/div>\n\n<div class=\"gb-grid-column gb-grid-column-0ae31d51\"><div class=\"gb-container gb-container-0ae31d51\"><div class=\"gb-inside-container\">\n<div class=\"gb-container gb-container-980564c1\"><div class=\"gb-inside-container\">\n\n<h3 class=\"gb-headline gb-headline-373d5341 gb-headline-text\">Person\u00aduppgifts\u00adansvarig<\/h3>\n\n\n\n<p>Kevin Mercer \u00e4r person\u00aduppgifts\u00adansvarig p\u00e5 Cykeltek. V\u00e4nd dig till honom om du har fr\u00e5gor kring dina person\u00aduppgifter, GDPR eller v\u00e5ra dataregister.<\/p>\n\n\n\n<p><a href=\"mailto:hej@cykeltek.se\">hej@cykeltek.se<\/a><br\/>073-515 05 44<\/p>\n\n<\/div><\/div>\n\n<div class=\"gb-container gb-container-651ca8de\">\n\n<a class=\"gb-button gb-button-36520c32\" href=\"https:\/\/www.facebook.com\/cykeltek\/\"><span class=\"gb-icon\"><svg aria-hidden=\"true\" role=\"img\" height=\"1em\" width=\"1em\" viewBox=\"0 0 320 512\" xmlns=\"http:\/\/www.w3.org\/2000\/svg\"><path fill=\"currentColor\" d=\"M279.14 288l14.22-92.66h-88.91v-60.13c0-25.35 12.42-50.06 52.24-50.06h40.42V6.26S260.43 0 225.36 0c-73.22 0-121.08 44.38-121.08 124.72v70.62H22.89V288h81.39v224h100.17V288z\"><\/path><\/svg><\/span><span class=\"gb-button-text\">F\u00f6lj oss p\u00e5 Facebook<\/span><\/a>\n\n\n\n<a class=\"gb-button gb-button-2d2d88cb\" href=\"https:\/\/www.instagram.com\/cykeltek\"><span class=\"gb-icon\"><svg aria-hidden=\"true\" role=\"img\" height=\"1em\" width=\"1em\" viewBox=\"0 0 448 512\" xmlns=\"http:\/\/www.w3.org\/2000\/svg\"><path fill=\"currentColor\" d=\"M224.1 141c-63.6 0-114.9 51.3-114.9 114.9s51.3 114.9 114.9 114.9S339 319.5 339 255.9 287.7 141 224.1 141zm0 189.6c-41.1 0-74.7-33.5-74.7-74.7s33.5-74.7 74.7-74.7 74.7 33.5 74.7 74.7-33.6 74.7-74.7 74.7zm146.4-194.3c0 14.9-12 26.8-26.8 26.8-14.9 0-26.8-12-26.8-26.8s12-26.8 26.8-26.8 26.8 12 26.8 26.8zm76.1 27.2c-1.7-35.9-9.9-67.7-36.2-93.9-26.2-26.2-58-34.4-93.9-36.2-37-2.1-147.9-2.1-184.9 0-35.8 1.7-67.6 9.9-93.9 36.1s-34.4 58-36.2 93.9c-2.1 37-2.1 147.9 0 184.9 1.7 35.9 9.9 67.7 36.2 93.9s58 34.4 93.9 36.2c37 2.1 147.9 2.1 184.9 0 35.9-1.7 67.7-9.9 93.9-36.2 26.2-26.2 34.4-58 36.2-93.9 2.1-37 2.1-147.8 0-184.8zM398.8 388c-7.8 19.6-22.9 34.7-42.6 42.6-29.5 11.7-99.5 9-132.1 9s-102.7 2.6-132.1-9c-19.6-7.8-34.7-22.9-42.6-42.6-11.7-29.5-9-99.5-9-132.1s-2.6-102.7 9-132.1c7.8-19.6 22.9-34.7 42.6-42.6 29.5-11.7 99.5-9 132.1-9s102.7-2.6 132.1 9c19.6 7.8 34.7 22.9 42.6 42.6 11.7 29.5 9 99.5 9 132.1s2.7 102.7-9 132.1z\"><\/path><\/svg><\/span><span class=\"gb-button-text\">F\u00f6lj oss p\u00e5 Instagram<\/span><\/a>\n\n<\/div>\n<\/div><\/div><\/div>\n<\/div>\n<\/div>\n<\/div>","protected":false},"excerpt":{"rendered":"","protected":false},"author":1,"featured_media":0,"parent":0,"menu_order":0,"comment_status":"closed","ping_status":"closed","template":"","meta":{"_acf_changed":false,"inline_featured_image":false,"footnotes":""},"class_list":["post-2296","page","type-page","status-publish"],"acf":[],"yoast_head":"<!-- This site is optimized with the Yoast SEO plugin v27.3 - https:\/\/yoast.com\/product\/yoast-seo-wordpress\/ -->\n<title>Privacy Policy - Bike service in \u00d6rebro - cykeltek.se<\/title>\n<meta name=\"robots\" content=\"index, follow, max-snippet:-1, max-image-preview:large, max-video-preview:-1\" \/>\n<link rel=\"canonical\" href=\"https:\/\/cykeltek.se\/en\/privacy-policy\/\" \/>\n<meta property=\"og:locale\" content=\"en_US\" \/>\n<meta property=\"og:type\" content=\"article\" \/>\n<meta property=\"og:title\" content=\"Privacy Policy - Bike service in \u00d6rebro - cykeltek.se\" \/>\n<meta property=\"og:url\" content=\"https:\/\/cykeltek.se\/en\/privacy-policy\/\" \/>\n<meta property=\"og:site_name\" content=\"Cykelservice i \u00d6rebro - Cykeltek.se\" \/>\n<meta property=\"article:publisher\" content=\"https:\/\/www.facebook.com\/cykeltek\" \/>\n<meta property=\"article:modified_time\" content=\"2023-12-15T11:37:08+00:00\" \/>\n<meta name=\"twitter:card\" content=\"summary_large_image\" \/>\n<meta name=\"twitter:label1\" content=\"Est. reading time\" \/>\n\t<meta name=\"twitter:data1\" content=\"3 minutes\" \/>\n<script type=\"application\/ld+json\" class=\"yoast-schema-graph\">{\"@context\":\"https:\\\/\\\/schema.org\",\"@graph\":[{\"@type\":\"WebPage\",\"@id\":\"https:\\\/\\\/cykeltek.se\\\/en\\\/privacy-policy\\\/\",\"url\":\"https:\\\/\\\/cykeltek.se\\\/en\\\/privacy-policy\\\/\",\"name\":\"Privacy Policy - Bike service in \u00d6rebro - cykeltek.se\",\"isPartOf\":{\"@id\":\"https:\\\/\\\/cykeltek.se\\\/en\\\/#website\"},\"datePublished\":\"2023-02-26T07:01:37+00:00\",\"dateModified\":\"2023-12-15T11:37:08+00:00\",\"breadcrumb\":{\"@id\":\"https:\\\/\\\/cykeltek.se\\\/en\\\/privacy-policy\\\/#breadcrumb\"},\"inLanguage\":\"en-US\",\"potentialAction\":[{\"@type\":\"ReadAction\",\"target\":[\"https:\\\/\\\/cykeltek.se\\\/en\\\/privacy-policy\\\/\"]}]},{\"@type\":\"BreadcrumbList\",\"@id\":\"https:\\\/\\\/cykeltek.se\\\/en\\\/privacy-policy\\\/#breadcrumb\",\"itemListElement\":[{\"@type\":\"ListItem\",\"position\":1,\"name\":\"Home\",\"item\":\"https:\\\/\\\/cykeltek.se\\\/en\\\/hem\\\/\"},{\"@type\":\"ListItem\",\"position\":2,\"name\":\"Privacy Policy\"}]},{\"@type\":\"WebSite\",\"@id\":\"https:\\\/\\\/cykeltek.se\\\/en\\\/#website\",\"url\":\"https:\\\/\\\/cykeltek.se\\\/en\\\/\",\"name\":\"Mobil cykelservice i \u00d6rebro - Cykeltek.se\",\"description\":\"Vi kommer till dig!\",\"publisher\":{\"@id\":\"https:\\\/\\\/cykeltek.se\\\/en\\\/#organization\"},\"potentialAction\":[{\"@type\":\"SearchAction\",\"target\":{\"@type\":\"EntryPoint\",\"urlTemplate\":\"https:\\\/\\\/cykeltek.se\\\/en\\\/?s={search_term_string}\"},\"query-input\":{\"@type\":\"PropertyValueSpecification\",\"valueRequired\":true,\"valueName\":\"search_term_string\"}}],\"inLanguage\":\"en-US\"},{\"@type\":\"Organization\",\"@id\":\"https:\\\/\\\/cykeltek.se\\\/en\\\/#organization\",\"name\":\"Cykeltek M\u00e4lardalen\",\"url\":\"https:\\\/\\\/cykeltek.se\\\/en\\\/\",\"logo\":{\"@type\":\"ImageObject\",\"inLanguage\":\"en-US\",\"@id\":\"https:\\\/\\\/cykeltek.se\\\/en\\\/#\\\/schema\\\/logo\\\/image\\\/\",\"url\":\"https:\\\/\\\/cykeltek.se\\\/wp-content\\\/uploads\\\/2023\\\/12\\\/logoen.png\",\"contentUrl\":\"https:\\\/\\\/cykeltek.se\\\/wp-content\\\/uploads\\\/2023\\\/12\\\/logoen.png\",\"width\":300,\"height\":75,\"caption\":\"Cykeltek M\u00e4lardalen\"},\"image\":{\"@id\":\"https:\\\/\\\/cykeltek.se\\\/en\\\/#\\\/schema\\\/logo\\\/image\\\/\"},\"sameAs\":[\"https:\\\/\\\/www.facebook.com\\\/cykeltek\",\"https:\\\/\\\/www.instagram.com\\\/cykeltek\"]}]}<\/script>\n<!-- \/ Yoast SEO plugin. -->","yoast_head_json":{"title":"Privacy Policy - Bike service in \u00d6rebro - cykeltek.se","robots":{"index":"index","follow":"follow","max-snippet":"max-snippet:-1","max-image-preview":"max-image-preview:large","max-video-preview":"max-video-preview:-1"},"canonical":"https:\/\/cykeltek.se\/en\/privacy-policy\/","og_locale":"en_US","og_type":"article","og_title":"Privacy Policy - Bike service in \u00d6rebro - cykeltek.se","og_url":"https:\/\/cykeltek.se\/en\/privacy-policy\/","og_site_name":"Cykelservice i \u00d6rebro - Cykeltek.se","article_publisher":"https:\/\/www.facebook.com\/cykeltek","article_modified_time":"2023-12-15T11:37:08+00:00","twitter_card":"summary_large_image","twitter_misc":{"Est. reading time":"3 minutes"},"schema":{"@context":"https:\/\/schema.org","@graph":[{"@type":"WebPage","@id":"https:\/\/cykeltek.se\/en\/privacy-policy\/","url":"https:\/\/cykeltek.se\/en\/privacy-policy\/","name":"Privacy Policy - Bike service in \u00d6rebro - cykeltek.se","isPartOf":{"@id":"https:\/\/cykeltek.se\/en\/#website"},"datePublished":"2023-02-26T07:01:37+00:00","dateModified":"2023-12-15T11:37:08+00:00","breadcrumb":{"@id":"https:\/\/cykeltek.se\/en\/privacy-policy\/#breadcrumb"},"inLanguage":"en-US","potentialAction":[{"@type":"ReadAction","target":["https:\/\/cykeltek.se\/en\/privacy-policy\/"]}]},{"@type":"BreadcrumbList","@id":"https:\/\/cykeltek.se\/en\/privacy-policy\/#breadcrumb","itemListElement":[{"@type":"ListItem","position":1,"name":"Home","item":"https:\/\/cykeltek.se\/en\/hem\/"},{"@type":"ListItem","position":2,"name":"Privacy Policy"}]},{"@type":"WebSite","@id":"https:\/\/cykeltek.se\/en\/#website","url":"https:\/\/cykeltek.se\/en\/","name":"Mobil cykelservice i \u00d6rebro - Cykeltek.se","description":"Vi kommer till dig!","publisher":{"@id":"https:\/\/cykeltek.se\/en\/#organization"},"potentialAction":[{"@type":"SearchAction","target":{"@type":"EntryPoint","urlTemplate":"https:\/\/cykeltek.se\/en\/?s={search_term_string}"},"query-input":{"@type":"PropertyValueSpecification","valueRequired":true,"valueName":"search_term_string"}}],"inLanguage":"en-US"},{"@type":"Organization","@id":"https:\/\/cykeltek.se\/en\/#organization","name":"Cykeltek M\u00e4lardalen","url":"https:\/\/cykeltek.se\/en\/","logo":{"@type":"ImageObject","inLanguage":"en-US","@id":"https:\/\/cykeltek.se\/en\/#\/schema\/logo\/image\/","url":"https:\/\/cykeltek.se\/wp-content\/uploads\/2023\/12\/logoen.png","contentUrl":"https:\/\/cykeltek.se\/wp-content\/uploads\/2023\/12\/logoen.png","width":300,"height":75,"caption":"Cykeltek M\u00e4lardalen"},"image":{"@id":"https:\/\/cykeltek.se\/en\/#\/schema\/logo\/image\/"},"sameAs":["https:\/\/www.facebook.com\/cykeltek","https:\/\/www.instagram.com\/cykeltek"]}]}},"_links":{"self":[{"href":"https:\/\/cykeltek.se\/en\/wp-json\/wp\/v2\/pages\/2296","targetHints":{"allow":["GET"]}}],"collection":[{"href":"https:\/\/cykeltek.se\/en\/wp-json\/wp\/v2\/pages"}],"about":[{"href":"https:\/\/cykeltek.se\/en\/wp-json\/wp\/v2\/types\/page"}],"author":[{"embeddable":true,"href":"https:\/\/cykeltek.se\/en\/wp-json\/wp\/v2\/users\/1"}],"replies":[{"embeddable":true,"href":"https:\/\/cykeltek.se\/en\/wp-json\/wp\/v2\/comments?post=2296"}],"version-history":[{"count":1,"href":"https:\/\/cykeltek.se\/en\/wp-json\/wp\/v2\/pages\/2296\/revisions"}],"predecessor-version":[{"id":2378,"href":"https:\/\/cykeltek.se\/en\/wp-json\/wp\/v2\/pages\/2296\/revisions\/2378"}],"wp:attachment":[{"href":"https:\/\/cykeltek.se\/en\/wp-json\/wp\/v2\/media?parent=2296"}],"curies":[{"name":"wp","href":"https:\/\/api.w.org\/{rel}","templated":true}]}}